{"id":901,"date":"2024-10-02T11:12:57","date_gmt":"2024-10-02T11:12:57","guid":{"rendered":"https:\/\/seda.hi-iberia.es\/?page_id=901"},"modified":"2024-10-10T07:55:30","modified_gmt":"2024-10-10T07:55:30","slug":"blog","status":"publish","type":"page","link":"https:\/\/seda.hi-iberia.es\/en\/blog\/","title":{"rendered":"Blog"},"content":{"rendered":"<p><\/p>\n\n\n\n<main class=\"wp-block-group alignfull site-content has-global-padding is-layout-constrained wp-block-group-is-layout-constrained\" style=\"margin-top:0\">\n<div class=\"wp-block-cover alignfull\"><span aria-hidden=\"true\" class=\"wp-block-cover__background has-secondary-background-color has-background-dim-60 has-background-dim\"><\/span><img decoding=\"async\" class=\"wp-block-cover__image-background wp-image-5614\" alt=\"\" src=\"https:\/\/seda.hi-iberia.es\/wp-content\/themes\/uniblock\/assets\/images\/Rectangle-49.png\" data-object-fit=\"cover\"\/><div class=\"wp-block-cover__inner-container is-layout-flow wp-block-cover-is-layout-flow\">\n<div class=\"wp-block-group is-style-default has-global-padding is-layout-constrained wp-container-core-group-is-layout-4383d167 wp-block-group-is-layout-constrained\">\n<div style=\"height:57px\" aria-hidden=\"true\" class=\"wp-block-spacer\"><\/div>\n\n\n\n<h1 class=\"wp-block-heading has-white-color has-text-color has-max-48-font-size\">Our News<\/h1>\n\n\n\n<p>\u00daltimos anuncios, art\u00edculos y mucho m\u00e1s.<\/p>\n\n\n\n<div style=\"height:27px\" aria-hidden=\"true\" class=\"wp-block-spacer\"><\/div>\n<\/div>\n<\/div><\/div>\n<\/main>\n\n\n\n<div style=\"height:64px\" aria-hidden=\"true\" class=\"wp-block-spacer\"><\/div>\n\n\n\n<div class=\"wp-block-group has-global-padding is-layout-constrained wp-block-group-is-layout-constrained\">\n<div class=\"wp-block-columns is-layout-flex wp-container-core-columns-is-layout-28f84493 wp-block-columns-is-layout-flex\">\n<div class=\"wp-block-column is-layout-flow wp-block-column-is-layout-flow\" style=\"flex-basis:66.66%\">\n<main class=\"wp-block-group site-content is-layout-flow wp-block-group-is-layout-flow\" style=\"margin-top:0;padding-top:0px;padding-bottom:40px\">\n<div class=\"wp-block-query is-layout-flow wp-block-query-is-layout-flow\"><ul class=\"wp-block-post-template is-layout-flow wp-block-post-template-is-layout-flow\"><li class=\"wp-block-post post-2314 post type-post status-publish format-standard hentry category-eventos\">\n\n\n<div style=\"text-transform:uppercase\" class=\"taxonomy-category wp-block-post-terms has-small-font-size\"><a href=\"https:\/\/seda.hi-iberia.es\/en\/category\/eventos\/\" rel=\"tag\">Events<\/a><\/div>\n\n<h3 style=\"margin-bottom:var(--wp--preset--spacing--50);margin-top:var(--wp--preset--spacing--40);margin-right:0;\" class=\"has-link-color wp-elements-e3dd734c7779bc927ea91b3794de4d1d wp-block-post-title has-text-color has-tertiary-color has-large-font-size\"><a href=\"https:\/\/seda.hi-iberia.es\/en\/eventos\/acuerdo-de-distribucion-de-imagenes-de-hi-iberia-con-airbus\/\" target=\"_self\" >HI Iberia's image distribution agreement with AIRBUS<\/a><\/h3>\n\n<div style=\"margin-bottom:var(--wp--preset--spacing--40);\" class=\"wp-block-post-date\"><time datetime=\"2025-05-14T10:43:26+00:00\">14 de May de 2025<\/time><\/div>\n\n<div class=\"wp-block-post-excerpt\"><p class=\"wp-block-post-excerpt__excerpt\">Navantia, junto a Accenture y HI Iberia, celebr\u00f3 en Ferrol una jornada tecnol\u00f3gica centrada en la innovaci\u00f3n en el sector naval y de defensa. El evento present\u00f3 SEDA y avances como los Deep Learning Subrrogated Models (DLSM) y su aplicaci\u00f3n en vigilancia, mantenimiento predictivo y comunicaciones 5G y NTN. Incluy\u00f3 demostraciones pr\u00e1cticas, casos de uso&hellip; <\/p><\/div>\n\n<a class=\"wp-block-read-more\" href=\"https:\/\/seda.hi-iberia.es\/en\/eventos\/acuerdo-de-distribucion-de-imagenes-de-hi-iberia-con-airbus\/\" target=\"_self\">Read more<span class=\"screen-reader-text\">: Acuerdo de distribuci\u00f3n de im\u00e1genes de HI Iberia con AIRBUS<\/span><\/a>\n\n\n<div style=\"height:50px\" aria-hidden=\"true\" class=\"wp-block-spacer\"><\/div>\n\n\n\n<hr class=\"wp-block-separator has-text-color has-alpha-channel-opacity has-background is-style-wide\" style=\"background-color:#6d6d7821;color:#6d6d7821\"\/>\n\n\n\n<div style=\"height:50px\" aria-hidden=\"true\" class=\"wp-block-spacer\"><\/div>\n\n<\/li><li class=\"wp-block-post post-2289 post type-post status-publish format-standard hentry category-eventos\">\n\n\n<div style=\"text-transform:uppercase\" class=\"taxonomy-category wp-block-post-terms has-small-font-size\"><a href=\"https:\/\/seda.hi-iberia.es\/en\/category\/eventos\/\" rel=\"tag\">Events<\/a><\/div>\n\n<h3 style=\"margin-bottom:var(--wp--preset--spacing--50);margin-top:var(--wp--preset--spacing--40);margin-right:0;\" class=\"has-link-color wp-elements-e3dd734c7779bc927ea91b3794de4d1d wp-block-post-title has-text-color has-tertiary-color has-large-font-size\"><a href=\"https:\/\/seda.hi-iberia.es\/en\/eventos\/feindef25\/\" target=\"_self\" >FEINDEF25<\/a><\/h3>\n\n<div style=\"margin-bottom:var(--wp--preset--spacing--40);\" class=\"wp-block-post-date\"><time datetime=\"2025-05-12T07:00:59+00:00\">12 de May de 2025<\/time><\/div>\n\n<div class=\"wp-block-post-excerpt\"><p class=\"wp-block-post-excerpt__excerpt\">HI Iberia concluy\u00f3 satisfactoriamente su participaci\u00f3n en la Feria Internacional de Defensa y Seguridad de Espa\u00f1a, FEINDEF25, celebrada del 12 al 14 de Mayo en IFEMA, Madrid. Este evento bienal, organizado por la Fundaci\u00f3n Feindef, se reafirm\u00f3 como el punto de encuentro de referencia para la industria de defensa y seguridad a nivel nacional e&hellip; <\/p><\/div>\n\n<a class=\"wp-block-read-more\" href=\"https:\/\/seda.hi-iberia.es\/en\/eventos\/feindef25\/\" target=\"_self\">Read more<span class=\"screen-reader-text\">: FEINDEF25<\/span><\/a>\n\n\n<div style=\"height:50px\" aria-hidden=\"true\" class=\"wp-block-spacer\"><\/div>\n\n\n\n<hr class=\"wp-block-separator has-text-color has-alpha-channel-opacity has-background is-style-wide\" style=\"background-color:#6d6d7821;color:#6d6d7821\"\/>\n\n\n\n<div style=\"height:50px\" aria-hidden=\"true\" class=\"wp-block-spacer\"><\/div>\n\n<\/li><li class=\"wp-block-post post-2146 post type-post status-publish format-standard has-post-thumbnail hentry category-eventos\">\n<figure style=\"width:100%;height:400px;\" class=\"wp-block-post-featured-image\"><a href=\"https:\/\/seda.hi-iberia.es\/en\/eventos\/otan-22nd-bisrwg\/\" target=\"_self\"  style=\"height:400px\"><img fetchpriority=\"high\" decoding=\"async\" width=\"1204\" height=\"1600\" src=\"https:\/\/seda.hi-iberia.es\/wp-content\/uploads\/2025\/05\/poster_nato.jpg\" class=\"attachment-post-thumbnail size-post-thumbnail wp-post-image\" alt=\"OTAN 22nd BISRWG\" style=\"border-radius:20px;border-style:none;border-width:0px;height:400px;object-fit:cover;\" srcset=\"https:\/\/seda.hi-iberia.es\/wp-content\/uploads\/2025\/05\/poster_nato.jpg 1204w, https:\/\/seda.hi-iberia.es\/wp-content\/uploads\/2025\/05\/poster_nato-226x300.jpg 226w, https:\/\/seda.hi-iberia.es\/wp-content\/uploads\/2025\/05\/poster_nato-771x1024.jpg 771w, https:\/\/seda.hi-iberia.es\/wp-content\/uploads\/2025\/05\/poster_nato-768x1021.jpg 768w, https:\/\/seda.hi-iberia.es\/wp-content\/uploads\/2025\/05\/poster_nato-1156x1536.jpg 1156w, https:\/\/seda.hi-iberia.es\/wp-content\/uploads\/2025\/05\/poster_nato-9x12.jpg 9w\" sizes=\"(max-width: 1204px) 100vw, 1204px\" \/><\/a><\/figure>\n\n<div style=\"text-transform:uppercase\" class=\"taxonomy-category wp-block-post-terms has-small-font-size\"><a href=\"https:\/\/seda.hi-iberia.es\/en\/category\/eventos\/\" rel=\"tag\">Events<\/a><\/div>\n\n<h3 style=\"margin-bottom:var(--wp--preset--spacing--50);margin-top:var(--wp--preset--spacing--40);margin-right:0;\" class=\"has-link-color wp-elements-e3dd734c7779bc927ea91b3794de4d1d wp-block-post-title has-text-color has-tertiary-color has-large-font-size\"><a href=\"https:\/\/seda.hi-iberia.es\/en\/eventos\/otan-22nd-bisrwg\/\" target=\"_self\" >NATO 22nd BISRWG<\/a><\/h3>\n\n<div style=\"margin-bottom:var(--wp--preset--spacing--40);\" class=\"wp-block-post-date\"><time datetime=\"2025-03-27T09:39:45+00:00\">27 de March de 2025<\/time><\/div>\n\n<div class=\"wp-block-post-excerpt\"><p class=\"wp-block-post-excerpt__excerpt\">HI Iberia particip\u00f3 en la 22\u00aa edici\u00f3n del evento del Grupo de Trabajo ISR de BICES (BISRWG), celebrado en la antigua base a\u00e9rea \u00abUnmanned Valley\u00bb cerca de La Haya, Pa\u00edses Bajos, el 27 de marzo de 2025. En un stand dedicado, HI Iberia present\u00f3 su herramienta de an\u00e1lisis satelital, SEDA, junto con su m\u00f3dulo port\u00e1til&hellip; <\/p><\/div>\n\n<a class=\"wp-block-read-more\" href=\"https:\/\/seda.hi-iberia.es\/en\/eventos\/otan-22nd-bisrwg\/\" target=\"_self\">Read more<span class=\"screen-reader-text\">: OTAN 22nd BISRWG<\/span><\/a>\n\n\n<div style=\"height:50px\" aria-hidden=\"true\" class=\"wp-block-spacer\"><\/div>\n\n\n\n<hr class=\"wp-block-separator has-text-color has-alpha-channel-opacity has-background is-style-wide\" style=\"background-color:#6d6d7821;color:#6d6d7821\"\/>\n\n\n\n<div style=\"height:50px\" aria-hidden=\"true\" class=\"wp-block-spacer\"><\/div>\n\n<\/li><\/ul>\n\n\n\n<nav class=\"wp-block-query-pagination has-medium-font-size is-content-justification-space-between is-layout-flex wp-container-core-query-pagination-is-layout-b585a4aa wp-block-query-pagination-is-layout-flex\" aria-label=\"Pagination\">\n\n\n<div class=\"wp-block-query-pagination-numbers\"><span aria-current=\"page\" class=\"page-numbers current\">1<\/span>\n<a class=\"page-numbers\" href=\"?query-4-page=2\">2<\/a>\n<a class=\"page-numbers\" href=\"?query-4-page=3\">3<\/a>\n<span class=\"page-numbers dots\">&hellip;<\/span>\n<a class=\"page-numbers\" href=\"?query-4-page=12\">12<\/a><\/div>\n\n<a href=\"\/en\/wp-json\/wp\/v2\/pages\/901?query-4-page=2\" class=\"wp-block-query-pagination-next\">Next Page<span class='wp-block-query-pagination-next-arrow is-arrow-chevron' aria-hidden='true'>\u00bb<\/span><\/a>\n<\/nav><\/div>\n<\/main>\n<\/div>\n\n\n\n<div class=\"wp-block-column is-layout-flow wp-block-column-is-layout-flow\" style=\"flex-basis:33.33%\">\n<div class=\"wp-block-group is-layout-flow wp-block-group-is-layout-flow\">\n<h2 class=\"wp-block-heading\">Suscribete<\/h2>\n\n\n\n<p>Reg\u00edstrese con su direcci\u00f3n de correo electr\u00f3nico para recibir nuestras noticias semanales<\/p>\n\n\n\n<form action=\"\/en\/action_page.php\/\" data-trp-original-action=\"\/action_page.php\">\n    <input type=\"text\" placeholder=\"Name\" name=\"name\" required=\"\">\n    <input type=\"text\" placeholder=\"Direction de correo\" name=\"mail\" required=\"\">\n    <input type=\"submit\" value=\"Subscribe\">\n<input type=\"hidden\" name=\"trp-form-language\" value=\"en\"\/><\/form>\n\n\n\n<hr class=\"wp-block-separator has-text-color has-alpha-channel-opacity has-background is-style-wide\" style=\"background-color:#6d6d7845;color:#6d6d7845\"\/>\n\n\n\n<div style=\"height:37px\" aria-hidden=\"true\" class=\"wp-block-spacer\"><\/div>\n<\/div>\n\n\n\n<div class=\"wp-block-group is-layout-flow wp-block-group-is-layout-flow\">\n<h2 class=\"wp-block-heading\">Ultimas Noticias<\/h2>\n\n\n<ul class=\"wp-block-latest-posts__list wp-block-latest-posts\"><li><a class=\"wp-block-latest-posts__post-title\" href=\"https:\/\/seda.hi-iberia.es\/en\/eventos\/acuerdo-de-distribucion-de-imagenes-de-hi-iberia-con-airbus\/\">HI Iberia's image distribution agreement with AIRBUS<\/a><\/li>\n<li><a class=\"wp-block-latest-posts__post-title\" href=\"https:\/\/seda.hi-iberia.es\/en\/eventos\/feindef25\/\">FEINDEF25<\/a><\/li>\n<li><a class=\"wp-block-latest-posts__post-title\" href=\"https:\/\/seda.hi-iberia.es\/en\/eventos\/otan-22nd-bisrwg\/\">NATO 22nd BISRWG<\/a><\/li>\n<li><a class=\"wp-block-latest-posts__post-title\" href=\"https:\/\/seda.hi-iberia.es\/en\/eventos\/test-operacional-otan\/\">NATO Operational Test \u2013 ACE25<\/a><\/li>\n<li><a class=\"wp-block-latest-posts__post-title\" href=\"https:\/\/seda.hi-iberia.es\/en\/eventos\/navantia-digital-twin-tech-day\/\">Navantia Digital Twin Tech Day<\/a><\/li>\n<\/ul>\n\n\n<hr class=\"wp-block-separator has-text-color has-alpha-channel-opacity has-background is-style-wide\" style=\"background-color:#6d6d784f;color:#6d6d784f\"\/>\n\n\n\n<div style=\"height:64px\" aria-hidden=\"true\" class=\"wp-block-spacer\"><\/div>\n<\/div>\n\n\n\n<div class=\"wp-block-group is-layout-flow wp-block-group-is-layout-flow\">\n<h2 class=\"wp-block-heading\">Categories<\/h2>\n\n\n<ul class=\"wp-block-categories-list wp-block-categories\">\t<li class=\"cat-item cat-item-33\"><a href=\"https:\/\/seda.hi-iberia.es\/en\/category\/adquisicion-imagenes\/\">Image acquisition<\/a> (3)\n<\/li>\n\t<li class=\"cat-item cat-item-55\"><a href=\"https:\/\/seda.hi-iberia.es\/en\/category\/caso-de-uso\/\">USE CASES<\/a> (17)\n<\/li>\n\t<li class=\"cat-item cat-item-37\"><a href=\"https:\/\/seda.hi-iberia.es\/en\/category\/eventos\/\">Events<\/a> (15)\n<\/li>\n\t<li class=\"cat-item cat-item-43\"><a href=\"https:\/\/seda.hi-iberia.es\/en\/category\/image-acquisition\/\">Image Acquisition<\/a> (1)\n<\/li>\n\t<li class=\"cat-item cat-item-45\"><a href=\"https:\/\/seda.hi-iberia.es\/en\/category\/image-processing\/\">Image Processing<\/a> (1)\n<\/li>\n\t<li class=\"cat-item cat-item-39\"><a href=\"https:\/\/seda.hi-iberia.es\/en\/category\/multiespectral\/\">Multispectral<\/a> (1)\n<\/li>\n\t<li class=\"cat-item cat-item-52\"><a href=\"https:\/\/seda.hi-iberia.es\/en\/category\/noticias-es\/\">News<\/a> (3)\n<\/li>\n\t<li class=\"cat-item cat-item-29\"><a href=\"https:\/\/seda.hi-iberia.es\/en\/category\/procesamiento-imagenes\/\">Image processing<\/a> (1)\n<\/li>\n\t<li class=\"cat-item cat-item-27\"><a href=\"https:\/\/seda.hi-iberia.es\/en\/category\/radar\/\">Radar<\/a> (3)\n<\/li>\n<\/ul>\n\n\n<hr class=\"wp-block-separator has-text-color has-alpha-channel-opacity has-background is-style-wide\" style=\"background-color:#6d6d784f;color:#6d6d784f\"\/>\n\n\n\n<div style=\"height:33px\" aria-hidden=\"true\" class=\"wp-block-spacer\"><\/div>\n<\/div>\n\n\n\n<div class=\"wp-block-group is-layout-flow wp-block-group-is-layout-flow\"><form role=\"search\" method=\"get\" action=\"https:\/\/seda.hi-iberia.es\/en\/\" class=\"wp-block-search__button-outside wp-block-search__text-button wp-block-search\" data-trp-original-action=\"https:\/\/seda.hi-iberia.es\/en\/\"    ><label class=\"wp-block-search__label screen-reader-text\" for=\"wp-block-search__input-1\" >Search<\/label><div class=\"wp-block-search__inside-wrapper\" ><input class=\"wp-block-search__input\" id=\"wp-block-search__input-1\" placeholder=\"Search...\" value=\"\" type=\"search\" name=\"s\" required \/><button aria-label=\"Search\" class=\"wp-block-search__button wp-element-button\" type=\"submit\" >Search<\/button><\/div><input type=\"hidden\" name=\"trp-form-language\" value=\"en\"\/><\/form>\n\n\n<hr class=\"wp-block-separator has-text-color has-alpha-channel-opacity has-background is-style-wide\" style=\"background-color:#6d6d784f;color:#6d6d784f\"\/>\n\n\n\n<div style=\"height:64px\" aria-hidden=\"true\" class=\"wp-block-spacer\"><\/div>\n<\/div>\n<\/div>\n<\/div>\n<\/div>","protected":false},"excerpt":{"rendered":"<p>Suscribete Reg\u00edstrese con su direcci\u00f3n de correo electr\u00f3nico para recibir nuestras noticias semanales Ultimas Noticias Categorias<\/p>","protected":false},"author":1,"featured_media":0,"parent":0,"menu_order":0,"comment_status":"closed","ping_status":"closed","template":"blog","meta":{"om_disable_all_campaigns":false,"_monsterinsights_skip_tracking":false,"_monsterinsights_sitenote_active":false,"_monsterinsights_sitenote_note":"","_monsterinsights_sitenote_category":0,"footnotes":""},"class_list":["post-901","page","type-page","status-publish","hentry"],"_links":{"self":[{"href":"https:\/\/seda.hi-iberia.es\/en\/wp-json\/wp\/v2\/pages\/901","targetHints":{"allow":["GET"]}}],"collection":[{"href":"https:\/\/seda.hi-iberia.es\/en\/wp-json\/wp\/v2\/pages"}],"about":[{"href":"https:\/\/seda.hi-iberia.es\/en\/wp-json\/wp\/v2\/types\/page"}],"author":[{"embeddable":true,"href":"https:\/\/seda.hi-iberia.es\/en\/wp-json\/wp\/v2\/users\/1"}],"replies":[{"embeddable":true,"href":"https:\/\/seda.hi-iberia.es\/en\/wp-json\/wp\/v2\/comments?post=901"}],"version-history":[{"count":0,"href":"https:\/\/seda.hi-iberia.es\/en\/wp-json\/wp\/v2\/pages\/901\/revisions"}],"wp:attachment":[{"href":"https:\/\/seda.hi-iberia.es\/en\/wp-json\/wp\/v2\/media?parent=901"}],"curies":[{"name":"wp","href":"https:\/\/api.w.org\/{rel}","templated":true}]}}